{"id":3824,"date":"2013-04-01T20:49:40","date_gmt":"2013-04-01T20:49:40","guid":{"rendered":"http:\/\/baltservice.lv\/en\/projekti\/"},"modified":"2022-10-03T11:19:25","modified_gmt":"2022-10-03T11:19:25","slug":"projekti","status":"publish","type":"page","link":"https:\/\/baltservice.lv\/en\/projekti\/","title":{"rendered":"Our work"},"content":{"rendered":"\n<style type=\"text\/css\" data-created_by=\"avia_inline_auto\" id=\"style-css-av-l8soirmk-65ee647431a289616ff90a9ce6ec5c4b\">\n#top .av-special-heading.av-l8soirmk-65ee647431a289616ff90a9ce6ec5c4b{\npadding-bottom:10px;\n}\nbody .av-special-heading.av-l8soirmk-65ee647431a289616ff90a9ce6ec5c4b .av-special-heading-tag .heading-char{\nfont-size:25px;\n}\n.av-special-heading.av-l8soirmk-65ee647431a289616ff90a9ce6ec5c4b .av-subheading{\nfont-size:15px;\n}\n<\/style>\n<div  class='av-special-heading av-l8soirmk-65ee647431a289616ff90a9ce6ec5c4b av-special-heading-h2  avia-builder-el-0  el_before_av_one_full  avia-builder-el-first '><h2 class='av-special-heading-tag'  itemprop=\"headline\"  >Our work<\/h2><div class=\"special-heading-border\"><div class=\"special-heading-inner-border\"><\/div><\/div><\/div>\n<div class='flex_column av-av_one_full-2a9015ff38129c418a3f2eafba3e9512 av_one_full  avia-builder-el-1  el_after_av_heading  avia-builder-el-last  first flex_column_div '     ><p>\n<style type=\"text\/css\" data-created_by=\"avia_inline_auto\" id=\"style-css-av-av_hr-c9ba6ccf0e28539cef079a4b419f7f68\">\n#top .hr.hr-invisible.av-av_hr-c9ba6ccf0e28539cef079a4b419f7f68{\nheight:25px;\n}\n<\/style>\n<div  class='hr av-av_hr-c9ba6ccf0e28539cef079a4b419f7f68 hr-invisible  avia-builder-el-2  el_before_av_portfolio  avia-builder-el-no-sibling '><span class='hr-inner '><span class=\"hr-inner-style\"><\/span><\/span><\/div><br \/>\n<div  id=\"av-sc-portfolio-1\"  class=\"av-portfolio-grid-sorting-container\"><div class='sort_width_container  av-sort-yes' data-portfolio-id='1' ><div id='js_sort_items' ><div class='sort_by_cat hidden'><a href=\"#\" data-filter=\"all_sort\" class=\"all_sort_button active_sort\"><span class=\"inner_sort_button\"><span>All<\/span><small class=\"av-cat-count\"> 15 <\/small><\/span><\/a><\/div><\/div><\/div><div  class=' grid-sort-container isotope   no_margin-container with-only_excerpt-container grid-total-odd grid-col-3 grid-links-' data-portfolio-id='1'><div data-ajax-id='3786' class=' grid-entry flex_column isotope-item all_sort no_margin post-entry post-entry-3786 grid-entry-overview grid-loop-1 grid-parity-odd   av_one_third first default_av_fullwidth '><article class='main_color inner-entry'  itemscope=\"itemscope\" itemtype=\"https:\/\/schema.org\/CreativeWork\" ><a href=\"https:\/\/baltservice.lv\/en\/portfolio-item\/rupnicu-iela-5-olaine-2\/\" title=''  data-rel='grid-1' class='grid-image avia-hover-fx'> <img width=\"495\" height=\"315\" src=\"https:\/\/baltservice.lv\/wp-content\/uploads\/2011\/12\/0-495x315.jpg\" class=\"wp-image-3981 avia-img-lazy-loading-not-3981 attachment-portfolio size-portfolio wp-post-image\" alt=\"\" decoding=\"async\" srcset=\"https:\/\/baltservice.lv\/wp-content\/uploads\/2011\/12\/0.jpg 495w, https:\/\/baltservice.lv\/wp-content\/uploads\/2011\/12\/0-300x191.jpg 300w, https:\/\/baltservice.lv\/wp-content\/uploads\/2011\/12\/0-450x286.jpg 450w\" sizes=\"(max-width: 495px) 100vw, 495px\" \/><\/a><div class='grid-content'><div class='avia-arrow'><\/div><div class='grid-entry-excerpt entry-content'  itemprop=\"text\" >Construction works of ventilation, air conditioning and cold supply systems at the object: reconstruction of the central heating unit building of JSC \"Olainfarm\" as a nitrofuran production station, R\u016bpn\u012bcu iela 5, Olaine.<\/div><\/div><footer class=\"entry-footer\"><\/footer><\/article><\/div><div data-ajax-id='3784' class=' grid-entry flex_column isotope-item all_sort no_margin post-entry post-entry-3784 grid-entry-overview grid-loop-2 grid-parity-even   av_one_third  default_av_fullwidth '><article class='main_color inner-entry'  itemscope=\"itemscope\" itemtype=\"https:\/\/schema.org\/CreativeWork\" ><a href=\"https:\/\/baltservice.lv\/en\/portfolio-item\/hipokrata-iela-2-riga\/\" title=''  data-rel='grid-1' class='grid-image avia-hover-fx'> <img width=\"495\" height=\"315\" src=\"https:\/\/baltservice.lv\/wp-content\/uploads\/2015\/10\/0-495x315.jpg\" class=\"wp-image-3977 avia-img-lazy-loading-not-3977 attachment-portfolio size-portfolio wp-post-image\" alt=\"\" decoding=\"async\" \/><\/a><div class='grid-content'><div class='avia-arrow'><\/div><div class='grid-entry-excerpt entry-content'  itemprop=\"text\" >Ventilation and conditioning construction works in the object: Renovation of the group of rooms on the 1st floor of the Gai\u013cezers Hospital, Hipokr\u0101ta Street 2, Riga.<\/div><\/div><footer class=\"entry-footer\"><\/footer><\/article><\/div><div data-ajax-id='3782' class=' grid-entry flex_column isotope-item all_sort no_margin post-entry post-entry-3782 grid-entry-overview grid-loop-3 grid-parity-odd   av_one_third  default_av_fullwidth '><article class='main_color inner-entry'  itemscope=\"itemscope\" itemtype=\"https:\/\/schema.org\/CreativeWork\" ><a href=\"https:\/\/baltservice.lv\/en\/portfolio-item\/hipokrata-iela-4-riga-3\/\" title=''  data-rel='grid-1' class='grid-image avia-hover-fx'> <img width=\"495\" height=\"315\" src=\"https:\/\/baltservice.lv\/wp-content\/uploads\/2015\/10\/05-495x315.jpg\" class=\"wp-image-4003 avia-img-lazy-loading-not-4003 attachment-portfolio size-portfolio wp-post-image\" alt=\"\" decoding=\"async\" srcset=\"https:\/\/baltservice.lv\/wp-content\/uploads\/2015\/10\/05.jpg 495w, https:\/\/baltservice.lv\/wp-content\/uploads\/2015\/10\/05-300x191.jpg 300w, https:\/\/baltservice.lv\/wp-content\/uploads\/2015\/10\/05-450x286.jpg 450w\" sizes=\"(max-width: 495px) 100vw, 495px\" \/><\/a><div class='grid-content'><div class='avia-arrow'><\/div><div class='grid-entry-excerpt entry-content'  itemprop=\"text\" >Ventilation system construction works at the facility: Reconstruction of the premises of the Chemotherapy and Hematology Clinic, Hipokr\u0101ta Street 4, Riga.<\/div><\/div><footer class=\"entry-footer\"><\/footer><\/article><\/div><div data-ajax-id='3780' class=' grid-entry flex_column isotope-item all_sort no_margin post-entry post-entry-3780 grid-entry-overview grid-loop-4 grid-parity-even   av_one_third first default_av_fullwidth '><article class='main_color inner-entry'  itemscope=\"itemscope\" itemtype=\"https:\/\/schema.org\/CreativeWork\" ><a href=\"https:\/\/baltservice.lv\/en\/portfolio-item\/kalnamuiza-10-smiltene-smiltenes-novads\/\" title=''  data-rel='grid-1' class='grid-image avia-hover-fx'> <img width=\"495\" height=\"315\" src=\"https:\/\/baltservice.lv\/wp-content\/uploads\/2015\/10\/06-495x315.jpg\" class=\"wp-image-4007 avia-img-lazy-loading-not-4007 attachment-portfolio size-portfolio wp-post-image\" alt=\"\" decoding=\"async\" srcset=\"https:\/\/baltservice.lv\/wp-content\/uploads\/2015\/10\/06.jpg 495w, https:\/\/baltservice.lv\/wp-content\/uploads\/2015\/10\/06-300x191.jpg 300w, https:\/\/baltservice.lv\/wp-content\/uploads\/2015\/10\/06-450x286.jpg 450w\" sizes=\"(max-width: 495px) 100vw, 495px\" \/><\/a><div class='grid-content'><div class='avia-arrow'><\/div><div class='grid-entry-excerpt entry-content'  itemprop=\"text\" >Construction works of ventilation and cooling systems in the object: Reconstruction of the educational building, Kalnamui\u017ea 10, Smiltene, Smiltene district.<\/div><\/div><footer class=\"entry-footer\"><\/footer><\/article><\/div><div data-ajax-id='3778' class=' grid-entry flex_column isotope-item all_sort no_margin post-entry post-entry-3778 grid-entry-overview grid-loop-5 grid-parity-odd   av_one_third  default_av_fullwidth '><article class='main_color inner-entry'  itemscope=\"itemscope\" itemtype=\"https:\/\/schema.org\/CreativeWork\" ><a href=\"https:\/\/baltservice.lv\/en\/portfolio-item\/pilskalna-iela-6-baldone\/\" title=''  data-rel='grid-1' class='grid-image avia-hover-fx'> <img width=\"495\" height=\"315\" src=\"https:\/\/baltservice.lv\/wp-content\/uploads\/2015\/10\/07-495x315.jpg\" class=\"wp-image-4011 avia-img-lazy-loading-not-4011 attachment-portfolio size-portfolio wp-post-image\" alt=\"\" decoding=\"async\" srcset=\"https:\/\/baltservice.lv\/wp-content\/uploads\/2015\/10\/07.jpg 495w, https:\/\/baltservice.lv\/wp-content\/uploads\/2015\/10\/07-300x191.jpg 300w, https:\/\/baltservice.lv\/wp-content\/uploads\/2015\/10\/07-450x286.jpg 450w\" sizes=\"(max-width: 495px) 100vw, 495px\" \/><\/a><div class='grid-content'><div class='avia-arrow'><\/div><div class='grid-entry-excerpt entry-content'  itemprop=\"text\" >Ventilation system construction works in the object: Baldone PII \"V\u0101ver\u012bte\" reconstruction, Pilskalna street 6, Baldone.<\/div><\/div><footer class=\"entry-footer\"><\/footer><\/article><\/div><div data-ajax-id='3776' class=' grid-entry flex_column isotope-item all_sort no_margin post-entry post-entry-3776 grid-entry-overview grid-loop-6 grid-parity-even   av_one_third  default_av_fullwidth '><article class='main_color inner-entry'  itemscope=\"itemscope\" itemtype=\"https:\/\/schema.org\/CreativeWork\" ><a href=\"https:\/\/baltservice.lv\/en\/portfolio-item\/peteri-ramava-kekavas-pagasts-kekavas-novads\/\" title=''  data-rel='grid-1' class='grid-image avia-hover-fx'> <img width=\"495\" height=\"315\" src=\"https:\/\/baltservice.lv\/wp-content\/uploads\/2015\/10\/08-495x315.jpg\" class=\"wp-image-4015 avia-img-lazy-loading-not-4015 attachment-portfolio size-portfolio wp-post-image\" alt=\"\" decoding=\"async\" srcset=\"https:\/\/baltservice.lv\/wp-content\/uploads\/2015\/10\/08.jpg 495w, https:\/\/baltservice.lv\/wp-content\/uploads\/2015\/10\/08-300x191.jpg 300w, https:\/\/baltservice.lv\/wp-content\/uploads\/2015\/10\/08-450x286.jpg 450w\" sizes=\"(max-width: 495px) 100vw, 495px\" \/><\/a><div class='grid-content'><div class='avia-arrow'><\/div><div class='grid-entry-excerpt entry-content'  itemprop=\"text\" >Supply and installation of ventilation and conditioning system at the facility: Logistics center \"Baltic Logistic Solutions\", \"P\u0113teri\", R\u0101mava, \u0136ekava parish, \u0136ekava district.<\/div><\/div><footer class=\"entry-footer\"><\/footer><\/article><\/div><div data-ajax-id='3774' class=' grid-entry flex_column isotope-item all_sort no_margin post-entry post-entry-3774 grid-entry-overview grid-loop-7 grid-parity-odd   av_one_third first default_av_fullwidth '><article class='main_color inner-entry'  itemscope=\"itemscope\" itemtype=\"https:\/\/schema.org\/CreativeWork\" ><a href=\"https:\/\/baltservice.lv\/en\/portfolio-item\/murjanu-iela-44-riga\/\" title=''  data-rel='grid-1' class='grid-image avia-hover-fx'> <img width=\"495\" height=\"315\" src=\"https:\/\/baltservice.lv\/wp-content\/uploads\/2015\/10\/09-495x315.jpg\" class=\"wp-image-4019 avia-img-lazy-loading-not-4019 attachment-portfolio size-portfolio wp-post-image\" alt=\"\" decoding=\"async\" srcset=\"https:\/\/baltservice.lv\/wp-content\/uploads\/2015\/10\/09.jpg 495w, https:\/\/baltservice.lv\/wp-content\/uploads\/2015\/10\/09-300x191.jpg 300w, https:\/\/baltservice.lv\/wp-content\/uploads\/2015\/10\/09-450x286.jpg 450w\" sizes=\"(max-width: 495px) 100vw, 495px\" \/><\/a><div class='grid-content'><div class='avia-arrow'><\/div><div class='grid-entry-excerpt entry-content'  itemprop=\"text\" >Ventilation and cooling system construction works in the object: \"Simplified renovation of buildings at Murj\u0101\u0146u Street 44, Riga, premises for the placement of the Jugla Music School\".<\/div><\/div><footer class=\"entry-footer\"><\/footer><\/article><\/div><div data-ajax-id='3772' class=' grid-entry flex_column isotope-item all_sort no_margin post-entry post-entry-3772 grid-entry-overview grid-loop-8 grid-parity-even   av_one_third  default_av_fullwidth '><article class='main_color inner-entry'  itemscope=\"itemscope\" itemtype=\"https:\/\/schema.org\/CreativeWork\" ><a href=\"https:\/\/baltservice.lv\/en\/portfolio-item\/ozolu-iela-2a-valmiermuiza-valmieras-pagasts-burtnieku-novads\/\" title=''  data-rel='grid-1' class='grid-image avia-hover-fx'> <img width=\"495\" height=\"315\" src=\"https:\/\/baltservice.lv\/wp-content\/uploads\/2015\/10\/01-495x315.jpg\" class=\"wp-image-3983 avia-img-lazy-loading-not-3983 attachment-portfolio size-portfolio wp-post-image\" alt=\"\" decoding=\"async\" srcset=\"https:\/\/baltservice.lv\/wp-content\/uploads\/2015\/10\/01.jpg 495w, https:\/\/baltservice.lv\/wp-content\/uploads\/2015\/10\/01-300x191.jpg 300w, https:\/\/baltservice.lv\/wp-content\/uploads\/2015\/10\/01-450x286.jpg 450w\" sizes=\"(max-width: 495px) 100vw, 495px\" \/><\/a><div class='grid-content'><div class='avia-arrow'><\/div><div class='grid-entry-excerpt entry-content'  itemprop=\"text\" >Ventilation construction works at the facility: Pre-school educational institution \"Burti\u0146\u0161\" for 180 places, Ozolu street 2a, Valmiermui\u017ea, Valmiera parish, Burtnieku district.<\/div><\/div><footer class=\"entry-footer\"><\/footer><\/article><\/div><div data-ajax-id='3770' class=' grid-entry flex_column isotope-item all_sort no_margin post-entry post-entry-3770 grid-entry-overview grid-loop-9 grid-parity-odd   av_one_third  default_av_fullwidth '><article class='main_color inner-entry'  itemscope=\"itemscope\" itemtype=\"https:\/\/schema.org\/CreativeWork\" ><a href=\"https:\/\/baltservice.lv\/en\/portfolio-item\/barona-iela-4a-jurmala\/\" title=''  data-rel='grid-1' class='grid-image avia-hover-fx'> <img width=\"495\" height=\"315\" src=\"https:\/\/baltservice.lv\/wp-content\/uploads\/2015\/10\/02-495x315.jpg\" class=\"wp-image-3987 avia-img-lazy-loading-not-3987 attachment-portfolio size-portfolio wp-post-image\" alt=\"\" decoding=\"async\" srcset=\"https:\/\/baltservice.lv\/wp-content\/uploads\/2015\/10\/02.jpg 495w, https:\/\/baltservice.lv\/wp-content\/uploads\/2015\/10\/02-300x191.jpg 300w, https:\/\/baltservice.lv\/wp-content\/uploads\/2015\/10\/02-450x286.jpg 450w\" sizes=\"(max-width: 495px) 100vw, 495px\" \/><\/a><div class='grid-content'><div class='avia-arrow'><\/div><div class='grid-entry-excerpt entry-content'  itemprop=\"text\" >Construction of the air conditioning system in the object: Italian restaurant \"Giardino\" on Barona street 4a, Jurmala.<\/div><\/div><footer class=\"entry-footer\"><\/footer><\/article><\/div><div data-ajax-id='3768' class=' grid-entry flex_column isotope-item all_sort no_margin post-entry post-entry-3768 grid-entry-overview grid-loop-10 grid-parity-even   av_one_third first default_av_fullwidth '><article class='main_color inner-entry'  itemscope=\"itemscope\" itemtype=\"https:\/\/schema.org\/CreativeWork\" ><a href=\"https:\/\/baltservice.lv\/en\/portfolio-item\/rupnicu-iela-4-olaine\/\" title=''  data-rel='grid-1' class='grid-image avia-hover-fx'> <img width=\"495\" height=\"315\" src=\"https:\/\/baltservice.lv\/wp-content\/uploads\/2015\/10\/04-495x315.jpg\" class=\"wp-image-3997 avia-img-lazy-loading-not-3997 attachment-portfolio size-portfolio wp-post-image\" alt=\"\" decoding=\"async\" srcset=\"https:\/\/baltservice.lv\/wp-content\/uploads\/2015\/10\/04.jpg 495w, https:\/\/baltservice.lv\/wp-content\/uploads\/2015\/10\/04-300x191.jpg 300w, https:\/\/baltservice.lv\/wp-content\/uploads\/2015\/10\/04-450x286.jpg 450w\" sizes=\"(max-width: 495px) 100vw, 495px\" \/><\/a><div class='grid-content'><div class='avia-arrow'><\/div><div class='grid-entry-excerpt entry-content'  itemprop=\"text\" >Assembly works of the ventilation system at the hair production facility: SIA \"N.O.M. Coatings\", R\u016bpn\u012bcu iela 4, Olaine.<\/div><\/div><footer class=\"entry-footer\"><\/footer><\/article><\/div><div data-ajax-id='3764' class=' grid-entry flex_column isotope-item all_sort no_margin post-entry post-entry-3764 grid-entry-overview grid-loop-11 grid-parity-odd   av_one_third  default_av_fullwidth '><article class='main_color inner-entry'  itemscope=\"itemscope\" itemtype=\"https:\/\/schema.org\/CreativeWork\" ><a href=\"https:\/\/baltservice.lv\/en\/portfolio-item\/brivibas-bulvaris-6-jelgava\/\" title=''  data-rel='grid-1' class='grid-image avia-hover-fx'> <img width=\"495\" height=\"315\" src=\"https:\/\/baltservice.lv\/wp-content\/uploads\/2015\/10\/010-495x315.jpg\" class=\"wp-image-4023 avia-img-lazy-loading-not-4023 attachment-portfolio size-portfolio wp-post-image\" alt=\"\" decoding=\"async\" srcset=\"https:\/\/baltservice.lv\/wp-content\/uploads\/2015\/10\/010.jpg 495w, https:\/\/baltservice.lv\/wp-content\/uploads\/2015\/10\/010-300x191.jpg 300w, https:\/\/baltservice.lv\/wp-content\/uploads\/2015\/10\/010-450x286.jpg 450w\" sizes=\"(max-width: 495px) 100vw, 495px\" \/><\/a><div class='grid-content'><div class='avia-arrow'><\/div><div class='grid-entry-excerpt entry-content'  itemprop=\"text\" >Ventilation and conditioning construction works at the facility: reconstruction of buildings A and B of Jelgava city hospital, Br\u012bv\u012bbas bulv\u0101r\u012b 6, Jelgava.<\/div><\/div><footer class=\"entry-footer\"><\/footer><\/article><\/div><div data-ajax-id='3762' class=' grid-entry flex_column isotope-item all_sort no_margin post-entry post-entry-3762 grid-entry-overview grid-loop-12 grid-parity-even   av_one_third  default_av_fullwidth '><article class='main_color inner-entry'  itemscope=\"itemscope\" itemtype=\"https:\/\/schema.org\/CreativeWork\" ><a href=\"https:\/\/baltservice.lv\/en\/portfolio-item\/kalnsetas-iela-27-saldus\/\" title=''  data-rel='grid-1' class='grid-image avia-hover-fx'> <img width=\"495\" height=\"315\" src=\"https:\/\/baltservice.lv\/wp-content\/uploads\/2015\/10\/011-495x315.jpg\" class=\"wp-image-4033 avia-img-lazy-loading-not-4033 attachment-portfolio size-portfolio wp-post-image\" alt=\"\" decoding=\"async\" srcset=\"https:\/\/baltservice.lv\/wp-content\/uploads\/2015\/10\/011.jpg 495w, https:\/\/baltservice.lv\/wp-content\/uploads\/2015\/10\/011-300x191.jpg 300w, https:\/\/baltservice.lv\/wp-content\/uploads\/2015\/10\/011-450x286.jpg 450w\" sizes=\"(max-width: 495px) 100vw, 495px\" \/><\/a><div class='grid-content'><div class='avia-arrow'><\/div><div class='grid-entry-excerpt entry-content'  itemprop=\"text\" >Construction of the aspiration system at the facility: Saldus vocational high school, Kalns\u0113tas street 27, Saldus.<\/div><\/div><footer class=\"entry-footer\"><\/footer><\/article><\/div><div data-ajax-id='3760' class=' grid-entry flex_column isotope-item all_sort no_margin post-entry post-entry-3760 grid-entry-overview grid-loop-13 grid-parity-odd   av_one_third first default_av_fullwidth '><article class='main_color inner-entry'  itemscope=\"itemscope\" itemtype=\"https:\/\/schema.org\/CreativeWork\" ><a href=\"https:\/\/baltservice.lv\/en\/portfolio-item\/plata-iela-12b-riga\/\" title=''  data-rel='grid-1' class='grid-image avia-hover-fx'> <img width=\"495\" height=\"315\" src=\"https:\/\/baltservice.lv\/wp-content\/uploads\/2015\/10\/012-495x315.jpg\" class=\"wp-image-4037 avia-img-lazy-loading-not-4037 attachment-portfolio size-portfolio wp-post-image\" alt=\"\" decoding=\"async\" srcset=\"https:\/\/baltservice.lv\/wp-content\/uploads\/2015\/10\/012.jpg 495w, https:\/\/baltservice.lv\/wp-content\/uploads\/2015\/10\/012-300x191.jpg 300w, https:\/\/baltservice.lv\/wp-content\/uploads\/2015\/10\/012-450x286.jpg 450w\" sizes=\"(max-width: 495px) 100vw, 495px\" \/><\/a><div class='grid-content'><div class='avia-arrow'><\/div><div class='grid-entry-excerpt entry-content'  itemprop=\"text\" >Development of ventilation, smoke extraction and emergency ventilation, air conditioning and humidification system projects; purchase and installation of risers for ventilation air lines; air conditioner delivery and assembly works at the facility: SIA \"FIBER OPTICAL SOLUTION\", Plat\u0101 iela 12B, Riga.<\/div><\/div><footer class=\"entry-footer\"><\/footer><\/article><\/div><div data-ajax-id='3758' class=' grid-entry flex_column isotope-item all_sort no_margin post-entry post-entry-3758 grid-entry-overview grid-loop-14 grid-parity-even   av_one_third  default_av_fullwidth '><article class='main_color inner-entry'  itemscope=\"itemscope\" itemtype=\"https:\/\/schema.org\/CreativeWork\" ><a href=\"https:\/\/baltservice.lv\/en\/portfolio-item\/iecavas-iela-2-baldone\/\" title=''  data-rel='grid-1' class='grid-image avia-hover-fx'> <img width=\"495\" height=\"315\" src=\"https:\/\/baltservice.lv\/wp-content\/uploads\/2015\/10\/013-495x315.jpg\" class=\"wp-image-4041 avia-img-lazy-loading-not-4041 attachment-portfolio size-portfolio wp-post-image\" alt=\"\" decoding=\"async\" srcset=\"https:\/\/baltservice.lv\/wp-content\/uploads\/2015\/10\/013.jpg 495w, https:\/\/baltservice.lv\/wp-content\/uploads\/2015\/10\/013-300x191.jpg 300w, https:\/\/baltservice.lv\/wp-content\/uploads\/2015\/10\/013-450x286.jpg 450w\" sizes=\"(max-width: 495px) 100vw, 495px\" \/><\/a><div class='grid-content'><div class='avia-arrow'><\/div><div class='grid-entry-excerpt entry-content'  itemprop=\"text\" >Ventilation and heating system construction works at the facility: Baldone secondary school reconstruction - Children's center premises construction, Iecavas street 2, Baldone.<\/div><\/div><footer class=\"entry-footer\"><\/footer><\/article><\/div><div data-ajax-id='3756' class=' grid-entry flex_column isotope-item all_sort no_margin post-entry post-entry-3756 grid-entry-overview grid-loop-15 grid-parity-odd  post-entry-last   av_one_third  default_av_fullwidth '><article class='main_color inner-entry'  itemscope=\"itemscope\" itemtype=\"https:\/\/schema.org\/CreativeWork\" ><a href=\"https:\/\/baltservice.lv\/en\/portfolio-item\/dzirciema-iela-20-riga\/\" title=''  data-rel='grid-1' class='grid-image avia-hover-fx'> <img width=\"495\" height=\"315\" src=\"https:\/\/baltservice.lv\/wp-content\/uploads\/2015\/10\/014-495x315.jpg\" class=\"wp-image-4045 avia-img-lazy-loading-not-4045 attachment-portfolio size-portfolio wp-post-image\" alt=\"\" decoding=\"async\" srcset=\"https:\/\/baltservice.lv\/wp-content\/uploads\/2015\/10\/014.jpg 495w, https:\/\/baltservice.lv\/wp-content\/uploads\/2015\/10\/014-300x191.jpg 300w, https:\/\/baltservice.lv\/wp-content\/uploads\/2015\/10\/014-450x286.jpg 450w\" sizes=\"(max-width: 495px) 100vw, 495px\" \/><\/a><div class='grid-content'><div class='avia-arrow'><\/div><div class='grid-entry-excerpt entry-content'  itemprop=\"text\" >Ventilation and conditioning system construction works at the facility: RSU Institute of Stomatology, Dzirciema Street 20, Riga.<\/div><\/div><footer class=\"entry-footer\"><\/footer><\/article><\/div><\/div><\/div>   <!--   class=\"av-portfolio-grid-sorting-container\"  --><div class='pagination-wrap  '><nav class='pagination'><span class='pagination-meta'>Page 1 of 3<\/span><span class='current'>1<\/span><a href='https:\/\/baltservice.lv\/en\/wp-json\/wp\/v2\/pages\/3824?avia-element-paging=2' class='inactive next_page' >2<\/a><a href='https:\/\/baltservice.lv\/en\/wp-json\/wp\/v2\/pages\/3824?avia-element-paging=3' class='inactive' >3<\/a><\/nav>\n<\/div><\/p><\/div>\n","protected":false},"excerpt":{"rendered":"","protected":false},"author":1,"featured_media":0,"parent":0,"menu_order":40,"comment_status":"open","ping_status":"closed","template":"","meta":[],"_links":{"self":[{"href":"https:\/\/baltservice.lv\/en\/wp-json\/wp\/v2\/pages\/3824"}],"collection":[{"href":"https:\/\/baltservice.lv\/en\/wp-json\/wp\/v2\/pages"}],"about":[{"href":"https:\/\/baltservice.lv\/en\/wp-json\/wp\/v2\/types\/page"}],"author":[{"embeddable":true,"href":"https:\/\/baltservice.lv\/en\/wp-json\/wp\/v2\/users\/1"}],"replies":[{"embeddable":true,"href":"https:\/\/baltservice.lv\/en\/wp-json\/wp\/v2\/comments?post=3824"}],"version-history":[{"count":0,"href":"https:\/\/baltservice.lv\/en\/wp-json\/wp\/v2\/pages\/3824\/revisions"}],"wp:attachment":[{"href":"https:\/\/baltservice.lv\/en\/wp-json\/wp\/v2\/media?parent=3824"}],"curies":[{"name":"wp","href":"https:\/\/api.w.org\/{rel}","templated":true}]}}